{"id":18,"date":"2023-02-16T20:33:30","date_gmt":"2023-02-16T20:33:30","guid":{"rendered":"https:\/\/test.pabloalvarado.net\/?page_id=18"},"modified":"2025-11-10T23:50:49","modified_gmt":"2025-11-10T23:50:49","slug":"bio","status":"publish","type":"page","link":"https:\/\/pabloalvarado.net\/index.php\/bio\/","title":{"rendered":"Bio"},"content":{"rendered":"\t\t<div data-elementor-type=\"wp-page\" data-elementor-id=\"18\" class=\"elementor elementor-18\">\n\t\t\t\t\t\t<section class=\"elementor-section elementor-top-section elementor-element elementor-element-4d4296f elementor-section-boxed elementor-section-height-default elementor-section-height-default\" data-id=\"4d4296f\" data-element_type=\"section\" data-e-type=\"section\" data-settings=\"{&quot;background_background&quot;:&quot;classic&quot;}\">\n\t\t\t\t\t\t<div class=\"elementor-container elementor-column-gap-default\">\n\t\t\t\t\t<div class=\"elementor-column elementor-col-100 elementor-top-column elementor-element elementor-element-a3ada41\" data-id=\"a3ada41\" data-element_type=\"column\" data-e-type=\"column\">\n\t\t\t<div class=\"elementor-widget-wrap elementor-element-populated\">\n\t\t\t\t\t\t<div class=\"elementor-element elementor-element-6f4493a elementor-widget elementor-widget-spacer\" data-id=\"6f4493a\" data-element_type=\"widget\" data-e-type=\"widget\" data-widget_type=\"spacer.default\">\n\t\t\t\t<div class=\"elementor-widget-container\">\n\t\t\t\t\t\t\t<div class=\"elementor-spacer\">\n\t\t\t<div class=\"elementor-spacer-inner\"><\/div>\n\t\t<\/div>\n\t\t\t\t\t\t<\/div>\n\t\t\t\t<\/div>\n\t\t\t\t\t<\/div>\n\t\t<\/div>\n\t\t\t\t\t<\/div>\n\t\t<\/section>\n\t\t\t\t<section class=\"elementor-section elementor-top-section elementor-element elementor-element-37ec70c elementor-section-boxed elementor-section-height-default elementor-section-height-default\" data-id=\"37ec70c\" data-element_type=\"section\" data-e-type=\"section\" data-settings=\"{&quot;background_background&quot;:&quot;classic&quot;}\">\n\t\t\t\t\t\t<div class=\"elementor-container elementor-column-gap-default\">\n\t\t\t\t\t<div class=\"elementor-column elementor-col-50 elementor-top-column elementor-element elementor-element-b8a201d\" data-id=\"b8a201d\" data-element_type=\"column\" data-e-type=\"column\">\n\t\t\t<div class=\"elementor-widget-wrap elementor-element-populated\">\n\t\t\t\t\t\t<div class=\"elementor-element elementor-element-e750f0d elementor-widget elementor-widget-spacer\" data-id=\"e750f0d\" data-element_type=\"widget\" data-e-type=\"widget\" data-widget_type=\"spacer.default\">\n\t\t\t\t<div class=\"elementor-widget-container\">\n\t\t\t\t\t\t\t<div class=\"elementor-spacer\">\n\t\t\t<div class=\"elementor-spacer-inner\"><\/div>\n\t\t<\/div>\n\t\t\t\t\t\t<\/div>\n\t\t\t\t<\/div>\n\t\t\t\t<div class=\"elementor-element elementor-element-9185479 elementor-widget elementor-widget-heading\" data-id=\"9185479\" data-element_type=\"widget\" data-e-type=\"widget\" data-widget_type=\"heading.default\">\n\t\t\t\t<div class=\"elementor-widget-container\">\n\t\t\t\t\t<h2 class=\"elementor-heading-title elementor-size-default\">Pablo Alvarado Cordero, es un chileno emprendedor quien ha estado trabajando m\u00e1s de 20 a\u00f1os en la industria de telecomunicaciones y tecnolog\u00eda con experiencia nacional e internacional.<\/h2>\t\t\t\t<\/div>\n\t\t\t\t<\/div>\n\t\t\t\t<div class=\"elementor-element elementor-element-ca3cfb7 elementor-widget elementor-widget-heading\" data-id=\"ca3cfb7\" data-element_type=\"widget\" data-e-type=\"widget\" data-widget_type=\"heading.default\">\n\t\t\t\t<div class=\"elementor-widget-container\">\n\t\t\t\t\t<h2 class=\"elementor-heading-title elementor-size-default\">Ha sido Gerente de Mercadeo de Movistar (Chile),Vicepresidente Comercial de Movistar (Puerto Rico), Vicepresidente de Mercadeo de Cable &amp; Wireless (Panam\u00e1).\nPor el lado empresarial, Fund\u00f3 su primera empresa en el 2005, que fue un fondo de inversi\u00f3n para invertir a largo plazo en los diferentes proyectos que pensaba desarrollar<\/h2>\t\t\t\t<\/div>\n\t\t\t\t<\/div>\n\t\t\t\t\t<\/div>\n\t\t<\/div>\n\t\t\t\t<div class=\"elementor-column elementor-col-50 elementor-top-column elementor-element elementor-element-1678229\" data-id=\"1678229\" data-element_type=\"column\" data-e-type=\"column\">\n\t\t\t<div class=\"elementor-widget-wrap elementor-element-populated\">\n\t\t\t\t\t\t<div class=\"elementor-element elementor-element-d015c61 elementor-widget elementor-widget-spacer\" data-id=\"d015c61\" data-element_type=\"widget\" data-e-type=\"widget\" data-widget_type=\"spacer.default\">\n\t\t\t\t<div class=\"elementor-widget-container\">\n\t\t\t\t\t\t\t<div class=\"elementor-spacer\">\n\t\t\t<div class=\"elementor-spacer-inner\"><\/div>\n\t\t<\/div>\n\t\t\t\t\t\t<\/div>\n\t\t\t\t<\/div>\n\t\t\t\t<div class=\"elementor-element elementor-element-7d155d7 elementor-widget elementor-widget-image\" data-id=\"7d155d7\" data-element_type=\"widget\" data-e-type=\"widget\" data-widget_type=\"image.default\">\n\t\t\t\t<div class=\"elementor-widget-container\">\n\t\t\t\t\t\t\t\t\t\t\t\t\t\t\t<img fetchpriority=\"high\" decoding=\"async\" width=\"683\" height=\"1024\" src=\"https:\/\/pabloalvarado.net\/wp-content\/uploads\/2023\/02\/IMG_3722-683x1024.jpg\" class=\"attachment-large size-large wp-image-86\" alt=\"\" srcset=\"https:\/\/pabloalvarado.net\/wp-content\/uploads\/2023\/02\/IMG_3722-683x1024.jpg 683w, https:\/\/pabloalvarado.net\/wp-content\/uploads\/2023\/02\/IMG_3722-200x300.jpg 200w, https:\/\/pabloalvarado.net\/wp-content\/uploads\/2023\/02\/IMG_3722-768x1152.jpg 768w, https:\/\/pabloalvarado.net\/wp-content\/uploads\/2023\/02\/IMG_3722-1024x1536.jpg 1024w, https:\/\/pabloalvarado.net\/wp-content\/uploads\/2023\/02\/IMG_3722-1365x2048.jpg 1365w, https:\/\/pabloalvarado.net\/wp-content\/uploads\/2023\/02\/IMG_3722-scaled.jpg 1707w\" sizes=\"(max-width: 683px) 100vw, 683px\" \/>\t\t\t\t\t\t\t\t\t\t\t\t\t\t\t<\/div>\n\t\t\t\t<\/div>\n\t\t\t\t\t<\/div>\n\t\t<\/div>\n\t\t\t\t\t<\/div>\n\t\t<\/section>\n\t\t\t\t<section class=\"elementor-section elementor-top-section elementor-element elementor-element-a74999e elementor-section-boxed elementor-section-height-default elementor-section-height-default\" data-id=\"a74999e\" data-element_type=\"section\" data-e-type=\"section\" data-settings=\"{&quot;background_background&quot;:&quot;classic&quot;}\">\n\t\t\t\t\t\t<div class=\"elementor-container elementor-column-gap-default\">\n\t\t\t\t\t<div class=\"elementor-column elementor-col-100 elementor-top-column elementor-element elementor-element-d8483a3\" data-id=\"d8483a3\" data-element_type=\"column\" data-e-type=\"column\">\n\t\t\t<div class=\"elementor-widget-wrap elementor-element-populated\">\n\t\t\t\t\t\t<div class=\"elementor-element elementor-element-65a299c elementor-widget elementor-widget-heading\" data-id=\"65a299c\" data-element_type=\"widget\" data-e-type=\"widget\" data-widget_type=\"heading.default\">\n\t\t\t\t<div class=\"elementor-widget-container\">\n\t\t\t\t\t<h2 class=\"elementor-heading-title elementor-size-default\">Fue socio de una empresa de servicios de valor agregado que ofrec\u00edan productos a las principales operadoras de telefon\u00eda m\u00f3vil en la regi\u00f3n latinoamericana, tuvieron operaciones en 17 pa\u00edses.<\/h2>\t\t\t\t<\/div>\n\t\t\t\t<\/div>\n\t\t\t\t\t<\/div>\n\t\t<\/div>\n\t\t\t\t\t<\/div>\n\t\t<\/section>\n\t\t\t\t<section class=\"elementor-section elementor-top-section elementor-element elementor-element-b34a3f1 elementor-section-boxed elementor-section-height-default elementor-section-height-default\" data-id=\"b34a3f1\" data-element_type=\"section\" data-e-type=\"section\" data-settings=\"{&quot;background_background&quot;:&quot;classic&quot;}\">\n\t\t\t\t\t\t<div class=\"elementor-container elementor-column-gap-default\">\n\t\t\t\t\t<div class=\"elementor-column elementor-col-50 elementor-top-column elementor-element elementor-element-25d117b\" data-id=\"25d117b\" data-element_type=\"column\" data-e-type=\"column\">\n\t\t\t<div class=\"elementor-widget-wrap elementor-element-populated\">\n\t\t\t\t\t\t<div class=\"elementor-element elementor-element-77a809b elementor-widget elementor-widget-spacer\" data-id=\"77a809b\" data-element_type=\"widget\" data-e-type=\"widget\" data-widget_type=\"spacer.default\">\n\t\t\t\t<div class=\"elementor-widget-container\">\n\t\t\t\t\t\t\t<div class=\"elementor-spacer\">\n\t\t\t<div class=\"elementor-spacer-inner\"><\/div>\n\t\t<\/div>\n\t\t\t\t\t\t<\/div>\n\t\t\t\t<\/div>\n\t\t\t\t<div class=\"elementor-element elementor-element-03b95a0 elementor-widget elementor-widget-spacer\" data-id=\"03b95a0\" data-element_type=\"widget\" data-e-type=\"widget\" data-widget_type=\"spacer.default\">\n\t\t\t\t<div class=\"elementor-widget-container\">\n\t\t\t\t\t\t\t<div class=\"elementor-spacer\">\n\t\t\t<div class=\"elementor-spacer-inner\"><\/div>\n\t\t<\/div>\n\t\t\t\t\t\t<\/div>\n\t\t\t\t<\/div>\n\t\t\t\t<div class=\"elementor-element elementor-element-c4005aa elementor-widget elementor-widget-image\" data-id=\"c4005aa\" data-element_type=\"widget\" data-e-type=\"widget\" data-widget_type=\"image.default\">\n\t\t\t\t<div class=\"elementor-widget-container\">\n\t\t\t\t\t\t\t\t\t\t\t\t\t\t\t<img decoding=\"async\" width=\"1000\" height=\"1000\" src=\"https:\/\/pabloalvarado.net\/wp-content\/uploads\/2023\/02\/creative.png\" class=\"attachment-large size-large wp-image-87\" alt=\"\" srcset=\"https:\/\/pabloalvarado.net\/wp-content\/uploads\/2023\/02\/creative.png 1000w, https:\/\/pabloalvarado.net\/wp-content\/uploads\/2023\/02\/creative-300x300.png 300w, https:\/\/pabloalvarado.net\/wp-content\/uploads\/2023\/02\/creative-150x150.png 150w, https:\/\/pabloalvarado.net\/wp-content\/uploads\/2023\/02\/creative-768x768.png 768w\" sizes=\"(max-width: 1000px) 100vw, 1000px\" \/>\t\t\t\t\t\t\t\t\t\t\t\t\t\t\t<\/div>\n\t\t\t\t<\/div>\n\t\t\t\t\t<\/div>\n\t\t<\/div>\n\t\t\t\t<div class=\"elementor-column elementor-col-50 elementor-top-column elementor-element elementor-element-1fb72de\" data-id=\"1fb72de\" data-element_type=\"column\" data-e-type=\"column\">\n\t\t\t<div class=\"elementor-widget-wrap elementor-element-populated\">\n\t\t\t\t\t\t<div class=\"elementor-element elementor-element-37825b3 elementor-widget elementor-widget-spacer\" data-id=\"37825b3\" data-element_type=\"widget\" data-e-type=\"widget\" data-widget_type=\"spacer.default\">\n\t\t\t\t<div class=\"elementor-widget-container\">\n\t\t\t\t\t\t\t<div class=\"elementor-spacer\">\n\t\t\t<div class=\"elementor-spacer-inner\"><\/div>\n\t\t<\/div>\n\t\t\t\t\t\t<\/div>\n\t\t\t\t<\/div>\n\t\t\t\t<div class=\"elementor-element elementor-element-b4c64a4 elementor-widget elementor-widget-heading\" data-id=\"b4c64a4\" data-element_type=\"widget\" data-e-type=\"widget\" data-widget_type=\"heading.default\">\n\t\t\t\t<div class=\"elementor-widget-container\">\n\t\t\t\t\t<h2 class=\"elementor-heading-title elementor-size-default\">Adem\u00e1s ha fundado m\u00e1s de 5 empresas internacionales, relacionadas al marketing y la tecnolog\u00eda, en diferentes pa\u00edses de LATAM, teniendo la oportunidad de vivir en 5 pa\u00edses. Adem\u00e1s es asesor internacional en Transformaci\u00f3n Digital.<\/h2>\t\t\t\t<\/div>\n\t\t\t\t<\/div>\n\t\t\t\t<div class=\"elementor-element elementor-element-f4a7ab0 elementor-widget elementor-widget-heading\" data-id=\"f4a7ab0\" data-element_type=\"widget\" data-e-type=\"widget\" data-widget_type=\"heading.default\">\n\t\t\t\t<div class=\"elementor-widget-container\">\n\t\t\t\t\t<h2 class=\"elementor-heading-title elementor-size-default\">Pablo es Ingeniero Civil Industrial de la Universidad de Santiago. Su experiencia est\u00e1 relacionada a la gerencia general, marketing, ventas, servicio al cliente, junta directiva y mentor\u00edas.<\/h2>\t\t\t\t<\/div>\n\t\t\t\t<\/div>\n\t\t\t\t\t<\/div>\n\t\t<\/div>\n\t\t\t\t\t<\/div>\n\t\t<\/section>\n\t\t\t\t<section class=\"elementor-section elementor-top-section elementor-element elementor-element-fd30e99 elementor-section-boxed elementor-section-height-default elementor-section-height-default\" data-id=\"fd30e99\" data-element_type=\"section\" data-e-type=\"section\" data-settings=\"{&quot;background_background&quot;:&quot;classic&quot;}\">\n\t\t\t\t\t\t<div class=\"elementor-container elementor-column-gap-default\">\n\t\t\t\t\t<div class=\"elementor-column elementor-col-50 elementor-top-column elementor-element elementor-element-3283d48\" data-id=\"3283d48\" data-element_type=\"column\" data-e-type=\"column\">\n\t\t\t<div class=\"elementor-widget-wrap elementor-element-populated\">\n\t\t\t\t\t\t<div class=\"elementor-element elementor-element-7aa0e4f elementor-widget elementor-widget-spacer\" data-id=\"7aa0e4f\" data-element_type=\"widget\" data-e-type=\"widget\" data-widget_type=\"spacer.default\">\n\t\t\t\t<div class=\"elementor-widget-container\">\n\t\t\t\t\t\t\t<div class=\"elementor-spacer\">\n\t\t\t<div class=\"elementor-spacer-inner\"><\/div>\n\t\t<\/div>\n\t\t\t\t\t\t<\/div>\n\t\t\t\t<\/div>\n\t\t\t\t<div class=\"elementor-element elementor-element-7a9991f elementor-widget elementor-widget-image\" data-id=\"7a9991f\" data-element_type=\"widget\" data-e-type=\"widget\" data-widget_type=\"image.default\">\n\t\t\t\t<div class=\"elementor-widget-container\">\n\t\t\t\t\t\t\t\t\t\t\t\t\t\t\t<img decoding=\"async\" width=\"1024\" height=\"340\" src=\"https:\/\/pabloalvarado.net\/wp-content\/uploads\/2023\/02\/icono-pagina-redondo-1024x340.png\" class=\"attachment-large size-large wp-image-47\" alt=\"\" srcset=\"https:\/\/pabloalvarado.net\/wp-content\/uploads\/2023\/02\/icono-pagina-redondo-1024x340.png 1024w, https:\/\/pabloalvarado.net\/wp-content\/uploads\/2023\/02\/icono-pagina-redondo-300x100.png 300w, https:\/\/pabloalvarado.net\/wp-content\/uploads\/2023\/02\/icono-pagina-redondo-768x255.png 768w, https:\/\/pabloalvarado.net\/wp-content\/uploads\/2023\/02\/icono-pagina-redondo-1536x510.png 1536w, https:\/\/pabloalvarado.net\/wp-content\/uploads\/2023\/02\/icono-pagina-redondo.png 1544w\" sizes=\"(max-width: 1024px) 100vw, 1024px\" \/>\t\t\t\t\t\t\t\t\t\t\t\t\t\t\t<\/div>\n\t\t\t\t<\/div>\n\t\t\t\t\t<\/div>\n\t\t<\/div>\n\t\t\t\t<div class=\"elementor-column elementor-col-50 elementor-top-column elementor-element elementor-element-20a4e51\" data-id=\"20a4e51\" data-element_type=\"column\" data-e-type=\"column\">\n\t\t\t<div class=\"elementor-widget-wrap elementor-element-populated\">\n\t\t\t\t\t\t<div class=\"elementor-element elementor-element-1518b8c elementor-shape-rounded elementor-grid-0 e-grid-align-center elementor-widget elementor-widget-social-icons\" data-id=\"1518b8c\" data-element_type=\"widget\" data-e-type=\"widget\" data-widget_type=\"social-icons.default\">\n\t\t\t\t<div class=\"elementor-widget-container\">\n\t\t\t\t\t\t\t<div class=\"elementor-social-icons-wrapper elementor-grid\" role=\"list\">\n\t\t\t\t\t\t\t<span class=\"elementor-grid-item\" role=\"listitem\">\n\t\t\t\t\t<a class=\"elementor-icon elementor-social-icon elementor-social-icon-linkedin elementor-repeater-item-e6382e0\" href=\"https:\/\/www.linkedin.com\/in\/pabloalvaradocordero\/\" target=\"_blank\">\n\t\t\t\t\t\t<span class=\"elementor-screen-only\">Linkedin<\/span>\n\t\t\t\t\t\t<i aria-hidden=\"true\" class=\"fab fa-linkedin\"><\/i>\t\t\t\t\t<\/a>\n\t\t\t\t<\/span>\n\t\t\t\t\t\t\t<span class=\"elementor-grid-item\" role=\"listitem\">\n\t\t\t\t\t<a class=\"elementor-icon elementor-social-icon elementor-social-icon-instagram elementor-repeater-item-f2f128e\" href=\"https:\/\/www.instagram.com\/pablo.alvarado.cordero\/?hl=es\" target=\"_blank\">\n\t\t\t\t\t\t<span class=\"elementor-screen-only\">Instagram<\/span>\n\t\t\t\t\t\t<i aria-hidden=\"true\" class=\"fab fa-instagram\"><\/i>\t\t\t\t\t<\/a>\n\t\t\t\t<\/span>\n\t\t\t\t\t<\/div>\n\t\t\t\t\t\t<\/div>\n\t\t\t\t<\/div>\n\t\t\t\t<div class=\"elementor-element elementor-element-61970f1 elementor-widget elementor-widget-heading\" data-id=\"61970f1\" data-element_type=\"widget\" data-e-type=\"widget\" data-widget_type=\"heading.default\">\n\t\t\t\t<div class=\"elementor-widget-container\">\n\t\t\t\t\t<h2 class=\"elementor-heading-title elementor-size-default\">www.pabloalvarado.net<\/h2>\t\t\t\t<\/div>\n\t\t\t\t<\/div>\n\t\t\t\t<div class=\"elementor-element elementor-element-e079cca elementor-widget elementor-widget-heading\" data-id=\"e079cca\" data-element_type=\"widget\" data-e-type=\"widget\" data-widget_type=\"heading.default\">\n\t\t\t\t<div class=\"elementor-widget-container\">\n\t\t\t\t\t<h2 class=\"elementor-heading-title elementor-size-default\">2022| Todos los derechos reservados<\/h2>\t\t\t\t<\/div>\n\t\t\t\t<\/div>\n\t\t\t\t\t<\/div>\n\t\t<\/div>\n\t\t\t\t\t<\/div>\n\t\t<\/section>\n\t\t\t\t<\/div>\n\t\t","protected":false},"excerpt":{"rendered":"<p>Pablo Alvarado Cordero, es un chileno emprendedor quien ha estado trabajando m\u00e1s de 20 a\u00f1os en la industria de telecomunicaciones y tecnolog\u00eda con experiencia nacional e internacional. Ha sido Gerente de Mercadeo de Movistar (Chile),Vicepresidente Comercial de Movistar (Puerto Rico), Vicepresidente de Mercadeo de Cable &amp; Wireless (Panam\u00e1). Por el lado empresarial, Fund\u00f3 su primera [&hellip;]<\/p>\n","protected":false},"author":1,"featured_media":0,"parent":0,"menu_order":0,"comment_status":"closed","ping_status":"closed","template":"","meta":{"site-sidebar-layout":"no-sidebar","site-content-layout":"page-builder","ast-site-content-layout":"default","site-content-style":"default","site-sidebar-style":"default","ast-global-header-display":"","ast-banner-title-visibility":"","ast-main-header-display":"","ast-hfb-above-header-display":"","ast-hfb-below-header-display":"","ast-hfb-mobile-header-display":"","site-post-title":"disabled","ast-breadcrumbs-content":"","ast-featured-img":"disabled","footer-sml-layout":"","theme-transparent-header-meta":"","adv-header-id-meta":"","stick-header-meta":"","header-above-stick-meta":"","header-main-stick-meta":"","header-below-stick-meta":"","astra-migrate-meta-layouts":"default","ast-page-background-enabled":"default","ast-page-background-meta":{"desktop":{"background-color":"var(--ast-global-color-4)","background-image":"","background-repeat":"repeat","background-position":"center center","background-size":"auto","background-attachment":"scroll","background-type":"","background-media":"","overlay-type":"","overlay-color":"","overlay-opacity":"","overlay-gradient":""},"tablet":{"background-color":"","background-image":"","background-repeat":"repeat","background-position":"center center","background-size":"auto","background-attachment":"scroll","background-type":"","background-media":"","overlay-type":"","overlay-color":"","overlay-opacity":"","overlay-gradient":""},"mobile":{"background-color":"","background-image":"","background-repeat":"repeat","background-position":"center center","background-size":"auto","background-attachment":"scroll","background-type":"","background-media":"","overlay-type":"","overlay-color":"","overlay-opacity":"","overlay-gradient":""}},"ast-content-background-meta":{"desktop":{"background-color":"var(--ast-global-color-5)","background-image":"","background-repeat":"repeat","background-position":"center center","background-size":"auto","background-attachment":"scroll","background-type":"","background-media":"","overlay-type":"","overlay-color":"","overlay-opacity":"","overlay-gradient":""},"tablet":{"background-color":"var(--ast-global-color-5)","background-image":"","background-repeat":"repeat","background-position":"center center","background-size":"auto","background-attachment":"scroll","background-type":"","background-media":"","overlay-type":"","overlay-color":"","overlay-opacity":"","overlay-gradient":""},"mobile":{"background-color":"var(--ast-global-color-5)","background-image":"","background-repeat":"repeat","background-position":"center center","background-size":"auto","background-attachment":"scroll","background-type":"","background-media":"","overlay-type":"","overlay-color":"","overlay-opacity":"","overlay-gradient":""}},"footnotes":""},"class_list":["post-18","page","type-page","status-publish","hentry"],"yoast_head":"<!-- This site is optimized with the Yoast SEO plugin v26.9 - https:\/\/yoast.com\/product\/yoast-seo-wordpress\/ -->\n<title>Bio -<\/title>\n<meta name=\"robots\" content=\"noindex, follow, max-snippet:-1, max-image-preview:large, max-video-preview:-1\" \/>\n<meta property=\"og:locale\" content=\"en_US\" \/>\n<meta property=\"og:type\" content=\"article\" \/>\n<meta property=\"og:title\" content=\"Bio -\" \/>\n<meta property=\"og:description\" content=\"Pablo Alvarado Cordero, es un chileno emprendedor quien ha estado trabajando m\u00e1s de 20 a\u00f1os en la industria de telecomunicaciones y tecnolog\u00eda con experiencia nacional e internacional. Ha sido Gerente de Mercadeo de Movistar (Chile),Vicepresidente Comercial de Movistar (Puerto Rico), Vicepresidente de Mercadeo de Cable &amp; Wireless (Panam\u00e1). Por el lado empresarial, Fund\u00f3 su primera [&hellip;]\" \/>\n<meta property=\"og:url\" content=\"https:\/\/pabloalvarado.net\/index.php\/bio\/\" \/>\n<meta property=\"article:modified_time\" content=\"2025-11-10T23:50:49+00:00\" \/>\n<meta property=\"og:image\" content=\"https:\/\/pabloalvarado.net\/wp-content\/uploads\/2023\/02\/IMG_3722-scaled.jpg\" \/>\n\t<meta property=\"og:image:width\" content=\"1707\" \/>\n\t<meta property=\"og:image:height\" content=\"2560\" \/>\n\t<meta property=\"og:image:type\" content=\"image\/jpeg\" \/>\n<meta name=\"twitter:card\" content=\"summary_large_image\" \/>\n<meta name=\"twitter:label1\" content=\"Est. reading time\" \/>\n\t<meta name=\"twitter:data1\" content=\"2 minutes\" \/>\n<script type=\"application\/ld+json\" class=\"yoast-schema-graph\">{\"@context\":\"https:\/\/schema.org\",\"@graph\":[{\"@type\":\"WebPage\",\"@id\":\"https:\/\/pabloalvarado.net\/index.php\/bio\/\",\"url\":\"https:\/\/pabloalvarado.net\/index.php\/bio\/\",\"name\":\"Bio -\",\"isPartOf\":{\"@id\":\"https:\/\/pabloalvarado.net\/#website\"},\"primaryImageOfPage\":{\"@id\":\"https:\/\/pabloalvarado.net\/index.php\/bio\/#primaryimage\"},\"image\":{\"@id\":\"https:\/\/pabloalvarado.net\/index.php\/bio\/#primaryimage\"},\"thumbnailUrl\":\"https:\/\/pabloalvarado.net\/wp-content\/uploads\/2023\/02\/IMG_3722-683x1024.jpg\",\"datePublished\":\"2023-02-16T20:33:30+00:00\",\"dateModified\":\"2025-11-10T23:50:49+00:00\",\"breadcrumb\":{\"@id\":\"https:\/\/pabloalvarado.net\/index.php\/bio\/#breadcrumb\"},\"inLanguage\":\"en-US\",\"potentialAction\":[{\"@type\":\"ReadAction\",\"target\":[\"https:\/\/pabloalvarado.net\/index.php\/bio\/\"]}]},{\"@type\":\"ImageObject\",\"inLanguage\":\"en-US\",\"@id\":\"https:\/\/pabloalvarado.net\/index.php\/bio\/#primaryimage\",\"url\":\"https:\/\/pabloalvarado.net\/wp-content\/uploads\/2023\/02\/IMG_3722-683x1024.jpg\",\"contentUrl\":\"https:\/\/pabloalvarado.net\/wp-content\/uploads\/2023\/02\/IMG_3722-683x1024.jpg\"},{\"@type\":\"BreadcrumbList\",\"@id\":\"https:\/\/pabloalvarado.net\/index.php\/bio\/#breadcrumb\",\"itemListElement\":[{\"@type\":\"ListItem\",\"position\":1,\"name\":\"Home\",\"item\":\"https:\/\/pabloalvarado.net\/\"},{\"@type\":\"ListItem\",\"position\":2,\"name\":\"Bio\"}]},{\"@type\":\"WebSite\",\"@id\":\"https:\/\/pabloalvarado.net\/#website\",\"url\":\"https:\/\/pabloalvarado.net\/\",\"name\":\"\",\"description\":\"\",\"potentialAction\":[{\"@type\":\"SearchAction\",\"target\":{\"@type\":\"EntryPoint\",\"urlTemplate\":\"https:\/\/pabloalvarado.net\/?s={search_term_string}\"},\"query-input\":{\"@type\":\"PropertyValueSpecification\",\"valueRequired\":true,\"valueName\":\"search_term_string\"}}],\"inLanguage\":\"en-US\"}]}<\/script>\n<!-- \/ Yoast SEO plugin. -->","yoast_head_json":{"title":"Bio -","robots":{"index":"noindex","follow":"follow","max-snippet":"max-snippet:-1","max-image-preview":"max-image-preview:large","max-video-preview":"max-video-preview:-1"},"og_locale":"en_US","og_type":"article","og_title":"Bio -","og_description":"Pablo Alvarado Cordero, es un chileno emprendedor quien ha estado trabajando m\u00e1s de 20 a\u00f1os en la industria de telecomunicaciones y tecnolog\u00eda con experiencia nacional e internacional. Ha sido Gerente de Mercadeo de Movistar (Chile),Vicepresidente Comercial de Movistar (Puerto Rico), Vicepresidente de Mercadeo de Cable &amp; Wireless (Panam\u00e1). Por el lado empresarial, Fund\u00f3 su primera [&hellip;]","og_url":"https:\/\/pabloalvarado.net\/index.php\/bio\/","article_modified_time":"2025-11-10T23:50:49+00:00","og_image":[{"width":1707,"height":2560,"url":"https:\/\/pabloalvarado.net\/wp-content\/uploads\/2023\/02\/IMG_3722-scaled.jpg","type":"image\/jpeg"}],"twitter_card":"summary_large_image","twitter_misc":{"Est. reading time":"2 minutes"},"schema":{"@context":"https:\/\/schema.org","@graph":[{"@type":"WebPage","@id":"https:\/\/pabloalvarado.net\/index.php\/bio\/","url":"https:\/\/pabloalvarado.net\/index.php\/bio\/","name":"Bio -","isPartOf":{"@id":"https:\/\/pabloalvarado.net\/#website"},"primaryImageOfPage":{"@id":"https:\/\/pabloalvarado.net\/index.php\/bio\/#primaryimage"},"image":{"@id":"https:\/\/pabloalvarado.net\/index.php\/bio\/#primaryimage"},"thumbnailUrl":"https:\/\/pabloalvarado.net\/wp-content\/uploads\/2023\/02\/IMG_3722-683x1024.jpg","datePublished":"2023-02-16T20:33:30+00:00","dateModified":"2025-11-10T23:50:49+00:00","breadcrumb":{"@id":"https:\/\/pabloalvarado.net\/index.php\/bio\/#breadcrumb"},"inLanguage":"en-US","potentialAction":[{"@type":"ReadAction","target":["https:\/\/pabloalvarado.net\/index.php\/bio\/"]}]},{"@type":"ImageObject","inLanguage":"en-US","@id":"https:\/\/pabloalvarado.net\/index.php\/bio\/#primaryimage","url":"https:\/\/pabloalvarado.net\/wp-content\/uploads\/2023\/02\/IMG_3722-683x1024.jpg","contentUrl":"https:\/\/pabloalvarado.net\/wp-content\/uploads\/2023\/02\/IMG_3722-683x1024.jpg"},{"@type":"BreadcrumbList","@id":"https:\/\/pabloalvarado.net\/index.php\/bio\/#breadcrumb","itemListElement":[{"@type":"ListItem","position":1,"name":"Home","item":"https:\/\/pabloalvarado.net\/"},{"@type":"ListItem","position":2,"name":"Bio"}]},{"@type":"WebSite","@id":"https:\/\/pabloalvarado.net\/#website","url":"https:\/\/pabloalvarado.net\/","name":"","description":"","potentialAction":[{"@type":"SearchAction","target":{"@type":"EntryPoint","urlTemplate":"https:\/\/pabloalvarado.net\/?s={search_term_string}"},"query-input":{"@type":"PropertyValueSpecification","valueRequired":true,"valueName":"search_term_string"}}],"inLanguage":"en-US"}]}},"_links":{"self":[{"href":"https:\/\/pabloalvarado.net\/index.php\/wp-json\/wp\/v2\/pages\/18","targetHints":{"allow":["GET"]}}],"collection":[{"href":"https:\/\/pabloalvarado.net\/index.php\/wp-json\/wp\/v2\/pages"}],"about":[{"href":"https:\/\/pabloalvarado.net\/index.php\/wp-json\/wp\/v2\/types\/page"}],"author":[{"embeddable":true,"href":"https:\/\/pabloalvarado.net\/index.php\/wp-json\/wp\/v2\/users\/1"}],"replies":[{"embeddable":true,"href":"https:\/\/pabloalvarado.net\/index.php\/wp-json\/wp\/v2\/comments?post=18"}],"version-history":[{"count":37,"href":"https:\/\/pabloalvarado.net\/index.php\/wp-json\/wp\/v2\/pages\/18\/revisions"}],"predecessor-version":[{"id":479,"href":"https:\/\/pabloalvarado.net\/index.php\/wp-json\/wp\/v2\/pages\/18\/revisions\/479"}],"wp:attachment":[{"href":"https:\/\/pabloalvarado.net\/index.php\/wp-json\/wp\/v2\/media?parent=18"}],"curies":[{"name":"wp","href":"https:\/\/api.w.org\/{rel}","templated":true}]}}